{"id":29,"date":"2023-12-10T20:42:13","date_gmt":"2023-12-10T19:42:13","guid":{"rendered":"http:\/\/sklep.wytoczonezdrewna.pl\/?post_type=product&#038;p=29"},"modified":"2023-12-10T21:52:36","modified_gmt":"2023-12-10T20:52:36","slug":"multizwierzatko","status":"publish","type":"product","link":"http:\/\/sklep.wytoczonezdrewna.pl\/?product=multizwierzatko","title":{"rendered":"Multizwierz\u0105tko"},"content":{"rendered":"<p>Zabawka dostosowana jest do grupy wiekowej 3-5 lat z mo\u017cliwo\u015bci\u0105 rozwini\u0119cia przedzia\u0142u powy\u017cej 5. roku \u017cycia. Mo\u017cliwo\u015b\u0107 rozwoju wiekowego wi\u0105\u017ce si\u0119 z modu\u0142owym charakterem projektu.<\/p><p>\u2022 Elementy zabawki s\u0105 zr\u00f3\u017cnicowane ze wzgl\u0119du nie tylko na sw\u00f3j kszta\u0142t (wielko\u015b\u0107 i wag\u0119), ale tak\u017ce surowiec i struktur\u0119 wierzchni\u0105, w ten spos\u00f3b pobudzaj\u0105c zmys\u0142 dotyku.<\/p><p>\u2022 Kolejnym elementem, kt\u00f3ry rozwija zmys\u0142 dotyku, s\u0105 dodatkowe cz\u0119\u015bci z innych tworzyw naturalnych, takich jak: tkaniny bawe\u0142niane czy tkaniny lniane.<\/p><p>\u2022 Naturalny surowiec oraz oleje wykorzystywane do jego zabezpieczenia umo\u017cliwiaj\u0105 aktywowanie kolejnego zmys\u0142u \u2013 w\u0119chu, zar\u00f3wno przez naturalny zapach drewna, jak i aromat naturalnych olejk\u00f3w stosowanych do zabezpieczenia drewna.<\/p><p>\u2022 Zr\u00f3\u017cnicowany ci\u0119\u017car poszczeg\u00f3lnych element\u00f3w, a tak\u017ce samej zabawki pozwala dziecku na nauk\u0119 samo\u015bwiadomo\u015bci swojego cia\u0142a, tym samym rozwijaj\u0105c obszar przedsionkowy, poprzez wykonywanie ruchu liniowego prz\u00f3d-ty\u0142 lub prawo-lewo. Naturalny op\u00f3r, kt\u00f3ry wytwarza zabawka, powoduje prac\u0119 z uk\u0142adem propriocepcji.<\/p><p>\u2022 Znajduj\u0105ce si\u0119 w koncepcji zabawki otwory s\u0142u\u017c\u0105 do rozwoju motoryki ma\u0142ej, wspieraj\u0105c koordynacj\u0119 oko-r\u0119ka.<\/p><p>Cechy konstrukcyjne zabawki:<\/p><p>\u2022 Zabawka sk\u0142ada si\u0119 z drewnianych element\u00f3w, kt\u00f3re mog\u0105 by\u0107 konfigurowane w taki spos\u00f3b, aby na podstawie jednej bazy \u2013 korpusu zwierz\u0119cia \u2013 dziecko mia\u0142o mo\u017cliwo\u015b\u0107 sk\u0142adania r\u00f3\u017cnych jego interpretacji, tworz\u0105c nawet bardziej abstrakcyjne formy zwierz\u0105t ni\u017c naturalnie s\u0105 przyj\u0119te.<\/p><p>Na elementy zabawki sk\u0142adaj\u0105 si\u0119:<\/p><p>1. bry\u0142a korpusu wykonana z dr\u0105\u017conego drewna, z otworami na doczepianie dodatkowych akcesori\u00f3w,<\/p><p>2. 3 wielko\u015bci drewnianych trzpieni jako elementy do montowania szyi,<\/p><p>3. g\u0142owa zabawki z wydr\u0105\u017conymi otworami na doczepiane elementy,<\/p><p>4. akcesoria w postaci zwijanych element\u00f3w filcowych \u2013 oczy zwierz\u0105tka,<\/p><p>5. akcesoria filcowe w postaci doczepianych uszu, grzywy i ogona,<\/p><p>6. akcesoria z w\u0142osia w postaci doczepianych element\u00f3w,<\/p><p>7. akcesoria do zaczepiania na szyj\u0119 zwierz\u0105tka w postaci: woreczk\u00f3w wype\u0142nionych granulatami, drewnianych podk\u0142adek, filcowych kszta\u0142tek, kryzy, gumowej spirali, drukowanych w 3d a\u017curowych element\u00f3w.<\/p><p>\u2022 Zabawka mo\u017ce by\u0107 wyposa\u017cona jest w k\u00f3\u0142ka oraz p\u0142ozy. Stosowanie tych dw\u00f3ch element\u00f3w ma pozwala\u0107 na zr\u00f3\u017cnicowan\u0105 dynamik\u0119 zabawy oraz wspiera\u0107 rozw\u00f3j uk\u0142adu przedsionkowego dziecka.<\/p>","protected":false},"excerpt":{"rendered":"<p>Multizwierz\u0105tko &#8211; drewniana zabawka wspieraj\u0105ca rozw\u00f3j integracji sensorycznej.<\/p>\n","protected":false},"featured_media":30,"comment_status":"open","ping_status":"closed","template":"","meta":[],"product_cat":[20],"product_tag":[21],"class_list":{"0":"post-29","1":"product","2":"type-product","3":"status-publish","4":"has-post-thumbnail","6":"product_cat-zabawki","7":"product_tag-zwierzatko-zabawka-dzieci-drewniane","9":"first","10":"instock","11":"sale","12":"taxable","13":"shipping-taxable","14":"purchasable","15":"product-type-simple"},"_links":{"self":[{"href":"http:\/\/sklep.wytoczonezdrewna.pl\/index.php?rest_route=\/wp\/v2\/product\/29","targetHints":{"allow":["GET"]}}],"collection":[{"href":"http:\/\/sklep.wytoczonezdrewna.pl\/index.php?rest_route=\/wp\/v2\/product"}],"about":[{"href":"http:\/\/sklep.wytoczonezdrewna.pl\/index.php?rest_route=\/wp\/v2\/types\/product"}],"replies":[{"embeddable":true,"href":"http:\/\/sklep.wytoczonezdrewna.pl\/index.php?rest_route=%2Fwp%2Fv2%2Fcomments&post=29"}],"wp:featuredmedia":[{"embeddable":true,"href":"http:\/\/sklep.wytoczonezdrewna.pl\/index.php?rest_route=\/wp\/v2\/media\/30"}],"wp:attachment":[{"href":"http:\/\/sklep.wytoczonezdrewna.pl\/index.php?rest_route=%2Fwp%2Fv2%2Fmedia&parent=29"}],"wp:term":[{"taxonomy":"product_cat","embeddable":true,"href":"http:\/\/sklep.wytoczonezdrewna.pl\/index.php?rest_route=%2Fwp%2Fv2%2Fproduct_cat&post=29"},{"taxonomy":"product_tag","embeddable":true,"href":"http:\/\/sklep.wytoczonezdrewna.pl\/index.php?rest_route=%2Fwp%2Fv2%2Fproduct_tag&post=29"}],"curies":[{"name":"wp","href":"https:\/\/api.w.org\/{rel}","templated":true}]}}